{"id":678,"date":"2025-11-17T21:12:36","date_gmt":"2025-11-17T21:12:36","guid":{"rendered":"https:\/\/www.infinitystudios.art\/valeurs\/"},"modified":"2025-12-18T00:07:44","modified_gmt":"2025-12-18T00:07:44","slug":"valeurs","status":"publish","type":"page","link":"https:\/\/www.infinitystudios.art\/fr\/valeurs\/","title":{"rendered":"Valeurs"},"content":{"rendered":"\t\t<div data-elementor-type=\"wp-page\" data-elementor-id=\"678\" class=\"elementor elementor-678 elementor-142\">\n\t\t\t\t<div class=\"elementor-element elementor-element-02bdd5e e-flex e-con-boxed e-con e-parent\" data-id=\"02bdd5e\" data-element_type=\"container\" data-e-type=\"container\">\n\t\t\t\t\t<div class=\"e-con-inner\">\n\t\t<div class=\"elementor-element elementor-element-0c26d18 e-con-full e-flex e-con e-child\" data-id=\"0c26d18\" data-element_type=\"container\" data-e-type=\"container\">\n\t\t\t\t<div class=\"elementor-element elementor-element-26da91a elementor-widget__width-initial elementor-widget elementor-widget-heading\" data-id=\"26da91a\" data-element_type=\"widget\" data-e-type=\"widget\" data-widget_type=\"heading.default\">\n\t\t\t\t\t<h2 class=\"elementor-heading-title elementor-size-default\">Nos Valeurs<\/h2>\t\t\t\t<\/div>\n\t\t\t\t<div class=\"elementor-element elementor-element-89578ee elementor-widget__width-initial elementor-widget elementor-widget-heading\" data-id=\"89578ee\" data-element_type=\"widget\" data-e-type=\"widget\" data-widget_type=\"heading.default\">\n\t\t\t\t\t<h6 class=\"elementor-heading-title elementor-size-default\">Engagement pour la Culture<\/h6>\t\t\t\t<\/div>\n\t\t\t\t<div class=\"elementor-element elementor-element-ad47b6b elementor-widget elementor-widget-text-editor\" data-id=\"ad47b6b\" data-element_type=\"widget\" data-e-type=\"widget\" data-widget_type=\"text-editor.default\">\n\t\t\t\t\t\t\t\t\t<p>Chez Infinity Studios nous comprenons la culture comme un bien essentiel, un langage commun qui rassemble les personnes au-del\u00e0 des fronti\u00e8res.<br>Notre travail ne se limite pas \u00e0 montrer de l\u2019art : il cherche \u00e0 le partager, \u00e0 le rendre accessible et \u00e0 le mettre \u00e0 disposition de tous les publics et toutes les g\u00e9n\u00e9rations.<br>Nous collaborons avec des mus\u00e9es, des institutions et des cr\u00e9ateurs du monde entier pour que chaque projet soit une exp\u00e9rience vivante, ouverte et participative.<\/p>\t\t\t\t\t\t\t\t<\/div>\n\t\t\t\t<div class=\"elementor-element elementor-element-65c9074 elementor-widget elementor-widget-text-editor\" data-id=\"65c9074\" data-element_type=\"widget\" data-e-type=\"widget\" data-widget_type=\"text-editor.default\">\n\t\t\t\t\t\t\t\t\t<p>Nous croyons que la culture n\u2019appartient \u00e0 personne en particulier, mais \u00e0 tous.<\/p>\t\t\t\t\t\t\t\t<\/div>\n\t\t\t\t<div class=\"elementor-element elementor-element-49361fd elementor-widget__width-initial elementor-widget elementor-widget-heading\" data-id=\"49361fd\" data-element_type=\"widget\" data-e-type=\"widget\" data-widget_type=\"heading.default\">\n\t\t\t\t\t<h6 class=\"elementor-heading-title elementor-size-default\">Engagement pour la plan\u00e8te<\/h6>\t\t\t\t<\/div>\n\t\t\t\t<div class=\"elementor-element elementor-element-0baec87 elementor-widget elementor-widget-text-editor\" data-id=\"0baec87\" data-element_type=\"widget\" data-e-type=\"widget\" data-widget_type=\"text-editor.default\">\n\t\t\t\t\t\t\t\t\t<p>D\u00e8s le d\u00e9but, Infinity Studios est n\u00e9 d\u2019une id\u00e9e claire : cr\u00e9er sans d\u00e9truire.<br>Pour cette raison, nous travaillons avec des mat\u00e9riaux recycl\u00e9s, des structures modulaires et une technologie basse consommation.<br>Chaque montage est con\u00e7u avec respect pour la Terre, r\u00e9employant et transformant ce que d\u2019autres jettent.<\/p><p>Notre empreinte n\u2019est pas physique, elle est \u00e9motionnelle.<\/p>\t\t\t\t\t\t\t\t<\/div>\n\t\t\t\t<div class=\"elementor-element elementor-element-d7c87e2 elementor-widget elementor-widget-text-editor\" data-id=\"d7c87e2\" data-element_type=\"widget\" data-e-type=\"widget\" data-widget_type=\"text-editor.default\">\n\t\t\t\t\t\t\t\t\t<p>Parce que l\u2019art ne devrait pas cr\u00e9er de d\u00e9chets\u2026 mais seulement des souvenirs.<\/p>\t\t\t\t\t\t\t\t<\/div>\n\t\t\t\t<\/div>\n\t\t<div class=\"elementor-element elementor-element-fd1ac93 e-con-full e-flex e-con e-child\" data-id=\"fd1ac93\" data-element_type=\"container\" data-e-type=\"container\">\n\t\t\t\t<div class=\"elementor-element elementor-element-323357d elementor-widget elementor-widget-image\" data-id=\"323357d\" data-element_type=\"widget\" data-e-type=\"widget\" data-widget_type=\"image.default\">\n\t\t\t\t\t\t\t\t\t\t\t\t\t\t\t<img fetchpriority=\"high\" decoding=\"async\" width=\"768\" height=\"1024\" src=\"https:\/\/www.infinitystudios.art\/wp-content\/uploads\/2025\/12\/1_sm25_sm50-768x1024.jpg\" class=\"attachment-large size-large wp-image-792\" alt=\"\" srcset=\"https:\/\/www.infinitystudios.art\/wp-content\/uploads\/2025\/12\/1_sm25_sm50-768x1024.jpg 768w, https:\/\/www.infinitystudios.art\/wp-content\/uploads\/2025\/12\/1_sm25_sm50-225x300.jpg 225w, https:\/\/www.infinitystudios.art\/wp-content\/uploads\/2025\/12\/1_sm25_sm50-56x75.jpg 56w, https:\/\/www.infinitystudios.art\/wp-content\/uploads\/2025\/12\/1_sm25_sm50-480x640.jpg 480w, https:\/\/www.infinitystudios.art\/wp-content\/uploads\/2025\/12\/1_sm25_sm50.jpg 899w\" sizes=\"(max-width:767px) 480px, (max-width:768px) 100vw, 768px\" \/>\t\t\t\t\t\t\t\t\t\t\t\t\t\t\t<\/div>\n\t\t\t\t<\/div>\n\t\t\t\t\t<\/div>\n\t\t\t\t<\/div>\n\t\t\t\t<\/div>\n\t\t","protected":false},"excerpt":{"rendered":"<p>Nos Valeurs Engagement pour la Culture Chez Infinity Studios nous comprenons la culture comme un bien essentiel, un langage commun qui rassemble les personnes au-del\u00e0 des<span class=\"excerpt-hellip\"> [\u2026]<\/span><\/p>\n","protected":false},"author":1,"featured_media":0,"parent":0,"menu_order":0,"comment_status":"closed","ping_status":"closed","template":"elementor_header_footer","meta":{"footnotes":""},"class_list":["post-678","page","type-page","status-publish","hentry"],"_links":{"self":[{"href":"https:\/\/www.infinitystudios.art\/fr\/wp-json\/wp\/v2\/pages\/678","targetHints":{"allow":["GET"]}}],"collection":[{"href":"https:\/\/www.infinitystudios.art\/fr\/wp-json\/wp\/v2\/pages"}],"about":[{"href":"https:\/\/www.infinitystudios.art\/fr\/wp-json\/wp\/v2\/types\/page"}],"author":[{"embeddable":true,"href":"https:\/\/www.infinitystudios.art\/fr\/wp-json\/wp\/v2\/users\/1"}],"replies":[{"embeddable":true,"href":"https:\/\/www.infinitystudios.art\/fr\/wp-json\/wp\/v2\/comments?post=678"}],"version-history":[{"count":4,"href":"https:\/\/www.infinitystudios.art\/fr\/wp-json\/wp\/v2\/pages\/678\/revisions"}],"predecessor-version":[{"id":904,"href":"https:\/\/www.infinitystudios.art\/fr\/wp-json\/wp\/v2\/pages\/678\/revisions\/904"}],"wp:attachment":[{"href":"https:\/\/www.infinitystudios.art\/fr\/wp-json\/wp\/v2\/media?parent=678"}],"curies":[{"name":"wp","href":"https:\/\/api.w.org\/{rel}","templated":true}]}}