{"id":653,"date":"2025-11-17T20:59:47","date_gmt":"2025-11-17T20:59:47","guid":{"rendered":"https:\/\/www.infinitystudios.art\/opinions\/"},"modified":"2025-12-18T00:07:08","modified_gmt":"2025-12-18T00:07:08","slug":"opinions","status":"publish","type":"page","link":"https:\/\/www.infinitystudios.art\/fr\/opinions\/","title":{"rendered":"Opinions"},"content":{"rendered":"\t\t<div data-elementor-type=\"wp-page\" data-elementor-id=\"653\" class=\"elementor elementor-653 elementor-129\">\n\t\t\t\t<div class=\"elementor-element elementor-element-be9ec3b e-flex e-con-boxed e-con e-parent\" data-id=\"be9ec3b\" data-element_type=\"container\" data-e-type=\"container\">\n\t\t\t\t\t<div class=\"e-con-inner\">\n\t\t\t\t<div class=\"elementor-element elementor-element-f5b5277 elementor-widget elementor-widget-heading\" data-id=\"f5b5277\" data-element_type=\"widget\" data-e-type=\"widget\" data-widget_type=\"heading.default\">\n\t\t\t\t\t<h2 class=\"elementor-heading-title elementor-size-default\">Opinions de visiteurs<\/h2>\t\t\t\t<\/div>\n\t\t\t\t\t<\/div>\n\t\t\t\t<\/div>\n\t\t<div class=\"elementor-element elementor-element-fd1d0be e-flex e-con-boxed e-con e-parent\" data-id=\"fd1d0be\" data-element_type=\"container\" data-e-type=\"container\">\n\t\t\t\t\t<div class=\"e-con-inner\">\n\t\t\t\t<div class=\"elementor-element elementor-element-8ede4ff elementor-widget elementor-widget-ucaddon_responsive_testemonial_carousel\" data-id=\"8ede4ff\" data-element_type=\"widget\" data-e-type=\"widget\" data-widget_type=\"ucaddon_responsive_testemonial_carousel.default\">\n\t\t\t\t<div class=\"elementor-widget-container\">\n\t\t\t\t\t\n<!-- start Testimonial Carousel -->\n\t\t<link id='font-awesome-css' href='https:\/\/www.infinitystudios.art\/wp-content\/plugins\/unlimited-elements-for-elementor\/assets_libraries\/font-awesome6\/fontawesome-all.min.css' type='text\/css' rel='stylesheet' >\n\t\t<link id='font-awesome-4-shim-css' href='https:\/\/www.infinitystudios.art\/wp-content\/plugins\/unlimited-elements-for-elementor\/assets_libraries\/font-awesome6\/fontawesome-v4-shims.min.css' type='text\/css' rel='stylesheet' >\n\t\t<link id='owl-carousel-css' href='https:\/\/www.infinitystudios.art\/wp-content\/plugins\/unlimited-elements-for-elementor\/assets_libraries\/owl-carousel-new\/assets\/owl.carousel.css' type='text\/css' rel='stylesheet' >\n\n<style>\/* widget: Testimonial Carousel *\/\n\n\/* general styles *\/\n.uc_quote_slider{\n  min-height:1px;\n}\n\n#uc_responsive_testemonial_carousel_elementor_8ede4ff *{\n  box-sizing:border-box;\n}\n\n#uc_responsive_testemonial_carousel_elementor_8ede4ff .uc_quote_info .uc_author_avatar {\n  width: 100%;\n}\n\n#uc_responsive_testemonial_carousel_elementor_8ede4ff .uc_quote_info .uc_author {\n  display: inline-flex;\n  align-items: center; \n    text-align:center;\n  }\n\n#uc_responsive_testemonial_carousel_elementor_8ede4ff .uc_stars{\n  display:flex;\n}\n\n#uc_responsive_testemonial_carousel_elementor_8ede4ff .uc_quote_info{\n  display:flex;\n}\n\n#uc_responsive_testemonial_carousel_elementor_8ede4ff *{\n  outline:none;\n}\n\n#uc_responsive_testemonial_carousel_elementor_8ede4ff .ue-image{\n  flex-grow:0;\n  flex-shrink:0;\n}\n\n#uc_responsive_testemonial_carousel_elementor_8ede4ff .uc_quote_info .uc_author_info .uc_company {\n    color: ;\n}\n\n#uc_responsive_testemonial_carousel_elementor_8ede4ff .ue-image-spacing{\n  flex-grow:0;\n  flex-shrink:0;\n}\n\n#uc_responsive_testemonial_carousel_elementor_8ede4ff .ue-icon{\n  display:inline-flex;\n  justify-content:center;\n  align-items:center;\n}\n\n#uc_responsive_testemonial_carousel_elementor_8ede4ff .ue-icon svg{\n  width:1em;\n  height:1em;\n}\n\n\n#uc_responsive_testemonial_carousel_elementor_8ede4ff .uc_quote_item,\n#uc_responsive_testemonial_carousel_elementor_8ede4ff .ue-flip-item-content{\n  transition: all .3s;\n}\n\n\/* end general styles *\/\n\n\/* carousel type owl *\/\n  #uc_responsive_testemonial_carousel_elementor_8ede4ff .owl-dots {\n    overflow:hidden;\n  }\n\n  #uc_responsive_testemonial_carousel_elementor_8ede4ff .owl-dot {\n    display:inline-block;\n  }\n\n  #uc_responsive_testemonial_carousel_elementor_8ede4ff .owl-nav .owl-prev,\n  #uc_responsive_testemonial_carousel_elementor_8ede4ff .owl-nav .owl-next{\n      position:absolute;\n      display:inline-block;\n      text-align:center;\n  }\n\n  \n  \n\n\/* end carousel type owl *\/\n\n\n\n<\/style>\n\n<div class=\"uc_quote_slider\" style=\"direction:ltr\" >  \n  <!-- carousel type owl -->\n  \t<div class=\"uc_carousel owl-carousel owl-theme uc-items-wrapper  \" id=\"uc_responsive_testemonial_carousel_elementor_8ede4ff\"  >\n      \n\t<div class=\"uc_quote_item ue-item     elementor-repeater-item-43a982e\">\n    <div class=\"uc_quote_info \">\n                \n\t  <div class=\"uc_author\">\n                  <div class=\"ue-image\">\n\t        <img decoding=\"async\" class=\"uc_author_avatar\" src=\"https:\/\/www.infinitystudios.art\/wp-content\/uploads\/2025\/11\/LOGO_JHK-T-SHIRT.jpg\" height=\"48\" width=\"48\" alt=\"\" \/>\n          <\/div>\n          <div class=\"ue-image-spacing\"><\/div>\n                          \n\n        \n\t  <\/div>      <!-- end of credentials -->\n              \n              <div class=\"ue-text\">\n          <p>\u00ab Nous sommes tr\u00e8s satisfaits de leur service et de l\u2019attention personnalis\u00e9e qu\u2019ils apportent. Leur capacit\u00e9 d\u2019adaptation est impressionnante. \u00bb<\/p>      \t  \n        <\/div>\n                    \n      <div class=\"uc_author_info\">\n\t\t  <div class=\"ue_title\">Alicia Pando - JHK<\/div>\t\t  \t<\/div>\n              \n      \t        \n                    \n\t<\/div>   <\/div>\n<!-- end of block item -->\n\n\t<div class=\"uc_quote_item ue-item     elementor-repeater-item-57862eb\">\n    <div class=\"uc_quote_info \">\n                \n\t  <div class=\"uc_author\">\n                  <div class=\"ue-image\">\n\t        <img decoding=\"async\" class=\"uc_author_avatar\" src=\"https:\/\/www.infinitystudios.art\/wp-content\/uploads\/2025\/11\/LOGO_ROLY.jpg\" height=\"48\" width=\"48\" alt=\"\" \/>\n          <\/div>\n          <div class=\"ue-image-spacing\"><\/div>\n                          \n\n        \n\t  <\/div>      <!-- end of credentials -->\n              \n              <div class=\"ue-text\">\n          <p>\u00ab Cette \u00e9quipe nous apporte son support au cours de tout le processus, ce qui fait d\u2019elle un membre \u00e0 part enti\u00e8re de plus de notre entreprise, car son savoir-faire lui a fait m\u00e9riter notre confiance absolue. \u00bb<\/p>      \t  \n        <\/div>\n                    \n      <div class=\"uc_author_info\">\n\t\t  <div class=\"ue_title\">Raquel Rubio - Roly<\/div>\t\t  \t<\/div>\n              \n      \t        \n                    \n\t<\/div>   <\/div>\n<!-- end of block item -->\n\n\t<div class=\"uc_quote_item ue-item     elementor-repeater-item-c430de8\">\n    <div class=\"uc_quote_info \">\n                \n\t  <div class=\"uc_author\">\n                  <div class=\"ue-image\">\n\t        <img decoding=\"async\" class=\"uc_author_avatar\" src=\"https:\/\/www.infinitystudios.art\/wp-content\/uploads\/2025\/11\/LOGO_GORTACTORY.jpg\" height=\"48\" width=\"48\" alt=\"\" \/>\n          <\/div>\n          <div class=\"ue-image-spacing\"><\/div>\n                          \n\n        \n\t  <\/div>      <!-- end of credentials -->\n              \n              <div class=\"ue-text\">\n          <p>\u00ab Cela fait plus de 20 ans que nous sommes pr\u00e9sents avec nos marques dans de nombreux pays d\u2019Europe, et cette \u00e9quipe nous a accompagn\u00e9s durant tout ce chemin. Son image, son design, sa qualit\u00e9, sa fiabilit\u00e9 et sa confiance sont les valeurs qui la d\u00e9finissent et que nous partageons totalement. \u00bb<\/p>      \t  \n        <\/div>\n                    \n      <div class=\"uc_author_info\">\n\t\t  <div class=\"ue_title\">Sergio Izquierdo - GORFACTORY <\/div>\t\t  \t<\/div>\n              \n      \t        \n                    \n\t<\/div>   <\/div>\n<!-- end of block item -->\n\n\t<div class=\"uc_quote_item ue-item     elementor-repeater-item-046ce96\">\n    <div class=\"uc_quote_info \">\n                \n\t  <div class=\"uc_author\">\n                  <div class=\"ue-image\">\n\t        <img loading=\"lazy\" decoding=\"async\" class=\"uc_author_avatar\" src=\"https:\/\/www.infinitystudios.art\/wp-content\/uploads\/2025\/11\/LOGO_IDGAMAX.jpg\" height=\"48\" width=\"48\" alt=\"\" \/>\n          <\/div>\n          <div class=\"ue-image-spacing\"><\/div>\n                          \n\n        \n\t  <\/div>      <!-- end of credentials -->\n              \n              <div class=\"ue-text\">\n          <p>\u00ab Cette \u00e9quipe nous accompagne tout au long du projet, avec sa capacit\u00e9 d\u2019adaptation et en se focalisant toujours sur la solution aux probl\u00e8mes. \u00bb<\/p>      \t  \n        <\/div>\n                    \n      <div class=\"uc_author_info\">\n\t\t  <div class=\"ue_title\">Xavier Mar\u00edn - IDGAMAX <\/div>\t\t  \t<\/div>\n              \n      \t        \n                    \n\t<\/div>   <\/div>\n<!-- end of block item -->\n\n\t<div class=\"uc_quote_item ue-item     elementor-repeater-item-97db707\">\n    <div class=\"uc_quote_info \">\n                \n\t  <div class=\"uc_author\">\n                  <div class=\"ue-image\">\n\t        <img loading=\"lazy\" decoding=\"async\" class=\"uc_author_avatar\" src=\"https:\/\/www.infinitystudios.art\/wp-content\/uploads\/2025\/11\/LOGO_CPRINT.jpg\" height=\"48\" width=\"48\" alt=\"\" \/>\n          <\/div>\n          <div class=\"ue-image-spacing\"><\/div>\n                          \n\n        \n\t  <\/div>      <!-- end of credentials -->\n              \n              <div class=\"ue-text\">\n          <p>\u00ab Ils sont professionnels, efficaces, ils travaillent rapidement, avec une parfaite qualit\u00e9 dans la finition. Ils sont pour nous un v\u00e9ritable soutien dans les montages de nos r\u00e9alisations. \u00bb<\/p>      \t  \n        <\/div>\n                    \n      <div class=\"uc_author_info\">\n\t\t  <div class=\"ue_title\">Marie Clairbois - C!Print<\/div>\t\t  \t<\/div>\n              \n      \t        \n                    \n\t<\/div>   <\/div>\n<!-- end of block item -->\n\n\t<div class=\"uc_quote_item ue-item     elementor-repeater-item-928d27c\">\n    <div class=\"uc_quote_info \">\n                \n\t  <div class=\"uc_author\">\n                  <div class=\"ue-image\">\n\t        <img loading=\"lazy\" decoding=\"async\" class=\"uc_author_avatar\" src=\"https:\/\/www.infinitystudios.art\/wp-content\/uploads\/2025\/11\/LOGO_ZIMVIE.jpg\" height=\"48\" width=\"48\" alt=\"\" \/>\n          <\/div>\n          <div class=\"ue-image-spacing\"><\/div>\n                          \n\n        \n\t  <\/div>      <!-- end of credentials -->\n              \n              <div class=\"ue-text\">\n          <p>\u00ab Le professionnalisme, l\u2019enthousiasme, la cr\u00e9ativit\u00e9 et la passion avec lesquels cette \u00e9quipe travaille sur chacun de nos projets constituent une garantie de succ\u00e8s d\u00e8s la minute z\u00e9ro. \u00bb<\/p>      \t  \n        <\/div>\n                    \n      <div class=\"uc_author_info\">\n\t\t  <div class=\"ue_title\">Rosa Pujolas - ZimVie<\/div>\t\t  \t<\/div>\n              \n      \t        \n                    \n\t<\/div>   <\/div>\n<!-- end of block item -->\n\n\t<div class=\"uc_quote_item ue-item     elementor-repeater-item-767de1b\">\n    <div class=\"uc_quote_info \">\n                \n\t  <div class=\"uc_author\">\n                  <div class=\"ue-image\">\n\t        <img loading=\"lazy\" decoding=\"async\" class=\"uc_author_avatar\" src=\"https:\/\/www.infinitystudios.art\/wp-content\/uploads\/2025\/11\/LOGO_ROLAND.jpg\" height=\"48\" width=\"48\" alt=\"\" \/>\n          <\/div>\n          <div class=\"ue-image-spacing\"><\/div>\n                          \n\n        \n\t  <\/div>      <!-- end of credentials -->\n              \n              <div class=\"ue-text\">\n          <p>\u00ab Nous faisons pleinement confiance en ce fournisseur, capable de proposer un service int\u00e9gral de qualit\u00e9 maximale, prenant soin du client et l\u2019accompagnant du d\u00e9but du projet jusqu\u2019\u00e0 la fin. \u00bb<\/p>      \t  \n        <\/div>\n                    \n      <div class=\"uc_author_info\">\n\t\t  <div class=\"ue_title\">Marta Fraile - Roland DG Iberia<\/div>\t\t  \t<\/div>\n              \n      \t        \n                    \n\t<\/div>   <\/div>\n<!-- end of block item -->\n\n\t<div class=\"uc_quote_item ue-item     elementor-repeater-item-98c1166\">\n    <div class=\"uc_quote_info \">\n                \n\t  <div class=\"uc_author\">\n                  <div class=\"ue-image\">\n\t        <img loading=\"lazy\" decoding=\"async\" class=\"uc_author_avatar\" src=\"https:\/\/www.infinitystudios.art\/wp-content\/uploads\/2025\/11\/LOGO_SOLO-MIDOCEAN.jpg\" height=\"48\" width=\"48\" alt=\"\" \/>\n          <\/div>\n          <div class=\"ue-image-spacing\"><\/div>\n                          \n\n        \n\t  <\/div>      <!-- end of credentials -->\n              \n              <div class=\"ue-text\">\n          <p>\u00ab C\u2019est notre \u00e9quipe de confiance pour toute l\u2019Europe. Elle travaille toujours avec qualit\u00e9, originalit\u00e9 et ponctualit\u00e9. \u00bb<\/p>      \t  \n        <\/div>\n                    \n      <div class=\"uc_author_info\">\n\t\t  <div class=\"ue_title\">Jaume Carreras - Solo Mid Ocean<\/div>\t\t  \t<\/div>\n              \n      \t        \n                    \n\t<\/div>   <\/div>\n<!-- end of block item -->\n\n    <\/div>\t\t\n    <!-- end carousel type owl -->\n\n  <!-- carousel type marquee -->\n    <!-- end carousel type marquee -->\n\n  <!-- carousel type coverflow -->\n    <!-- end carousel type coverflow -->\n\n  <!-- carousel type swipe -->\n    <!-- end carousel type swipe -->\n\n  <!-- carousel type grid -->\n    <!-- end carousel type grid -->\n\n<\/div>\n<!-- end Testimonial Carousel -->\t\t\t\t<\/div>\n\t\t\t\t<\/div>\n\t\t\t\t\t<\/div>\n\t\t\t\t<\/div>\n\t\t\t\t<\/div>\n\t\t","protected":false},"excerpt":{"rendered":"<p>Opinions de visiteurs \u00ab Nous sommes tr\u00e8s satisfaits de leur service et de l\u2019attention personnalis\u00e9e qu\u2019ils apportent. Leur capacit\u00e9 d\u2019adaptation est impressionnante. \u00bb Alicia Pando &#8211;<span class=\"excerpt-hellip\"> [\u2026]<\/span><\/p>\n","protected":false},"author":1,"featured_media":0,"parent":0,"menu_order":0,"comment_status":"closed","ping_status":"closed","template":"elementor_header_footer","meta":{"footnotes":""},"class_list":["post-653","page","type-page","status-publish","hentry"],"_links":{"self":[{"href":"https:\/\/www.infinitystudios.art\/fr\/wp-json\/wp\/v2\/pages\/653","targetHints":{"allow":["GET"]}}],"collection":[{"href":"https:\/\/www.infinitystudios.art\/fr\/wp-json\/wp\/v2\/pages"}],"about":[{"href":"https:\/\/www.infinitystudios.art\/fr\/wp-json\/wp\/v2\/types\/page"}],"author":[{"embeddable":true,"href":"https:\/\/www.infinitystudios.art\/fr\/wp-json\/wp\/v2\/users\/1"}],"replies":[{"embeddable":true,"href":"https:\/\/www.infinitystudios.art\/fr\/wp-json\/wp\/v2\/comments?post=653"}],"version-history":[{"count":2,"href":"https:\/\/www.infinitystudios.art\/fr\/wp-json\/wp\/v2\/pages\/653\/revisions"}],"predecessor-version":[{"id":900,"href":"https:\/\/www.infinitystudios.art\/fr\/wp-json\/wp\/v2\/pages\/653\/revisions\/900"}],"wp:attachment":[{"href":"https:\/\/www.infinitystudios.art\/fr\/wp-json\/wp\/v2\/media?parent=653"}],"curies":[{"name":"wp","href":"https:\/\/api.w.org\/{rel}","templated":true}]}}