{"id":675,"date":"2025-11-17T21:12:36","date_gmt":"2025-11-17T21:12:36","guid":{"rendered":"https:\/\/www.infinitystudios.art\/werte\/"},"modified":"2025-12-18T00:07:53","modified_gmt":"2025-12-18T00:07:53","slug":"werte","status":"publish","type":"page","link":"https:\/\/www.infinitystudios.art\/de\/werte\/","title":{"rendered":"Werte"},"content":{"rendered":"\t\t<div data-elementor-type=\"wp-page\" data-elementor-id=\"675\" class=\"elementor elementor-675 elementor-142\">\n\t\t\t\t<div class=\"elementor-element elementor-element-02bdd5e e-flex e-con-boxed e-con e-parent\" data-id=\"02bdd5e\" data-element_type=\"container\" data-e-type=\"container\">\n\t\t\t\t\t<div class=\"e-con-inner\">\n\t\t<div class=\"elementor-element elementor-element-0c26d18 e-con-full e-flex e-con e-child\" data-id=\"0c26d18\" data-element_type=\"container\" data-e-type=\"container\">\n\t\t\t\t<div class=\"elementor-element elementor-element-26da91a elementor-widget__width-initial elementor-widget elementor-widget-heading\" data-id=\"26da91a\" data-element_type=\"widget\" data-e-type=\"widget\" data-widget_type=\"heading.default\">\n\t\t\t\t\t<h2 class=\"elementor-heading-title elementor-size-default\">Unsere Werte<\/h2>\t\t\t\t<\/div>\n\t\t\t\t<div class=\"elementor-element elementor-element-89578ee elementor-widget__width-initial elementor-widget elementor-widget-heading\" data-id=\"89578ee\" data-element_type=\"widget\" data-e-type=\"widget\" data-widget_type=\"heading.default\">\n\t\t\t\t\t<h6 class=\"elementor-heading-title elementor-size-default\">Engagement f\u00fcr die Kultur<\/h6>\t\t\t\t<\/div>\n\t\t\t\t<div class=\"elementor-element elementor-element-ad47b6b elementor-widget elementor-widget-text-editor\" data-id=\"ad47b6b\" data-element_type=\"widget\" data-e-type=\"widget\" data-widget_type=\"text-editor.default\">\n\t\t\t\t\t\t\t\t\t<p>Wir von Infinity Studios verstehen Kultur als ein grundlegendes Gut, als eine gemeinsame Sprache, die uns Menschen \u00fcber Grenzen hinweg verbindet.<br>Unsere Arbeit beschr\u00e4nkt sich nicht darauf, Kunst zu zeigen: Wir m\u00f6chten sie teilen, zug\u00e4nglich machen und allen Zielgruppen und Generationen n\u00e4herbringen.<br>Wir arbeiten mit Museen, Institutionen und K\u00fcnstlern aus aller Welt zusammen, damit jedes Projekt zu einem lebendigen, offenen und partizipativen Erlebnis wird.<\/p>\t\t\t\t\t\t\t\t<\/div>\n\t\t\t\t<div class=\"elementor-element elementor-element-65c9074 elementor-widget elementor-widget-text-editor\" data-id=\"65c9074\" data-element_type=\"widget\" data-e-type=\"widget\" data-widget_type=\"text-editor.default\">\n\t\t\t\t\t\t\t\t\t<p>Wir finden, dass Kultur niemandem geh\u00f6rt, sondern allen.<\/p>\t\t\t\t\t\t\t\t<\/div>\n\t\t\t\t<div class=\"elementor-element elementor-element-49361fd elementor-widget__width-initial elementor-widget elementor-widget-heading\" data-id=\"49361fd\" data-element_type=\"widget\" data-e-type=\"widget\" data-widget_type=\"heading.default\">\n\t\t\t\t\t<h6 class=\"elementor-heading-title elementor-size-default\">Engagement f\u00fcr den Planeten<\/h6>\t\t\t\t<\/div>\n\t\t\t\t<div class=\"elementor-element elementor-element-0baec87 elementor-widget elementor-widget-text-editor\" data-id=\"0baec87\" data-element_type=\"widget\" data-e-type=\"widget\" data-widget_type=\"text-editor.default\">\n\t\t\t\t\t\t\t\t\t<p>Infinity Studios wurde mit einer klaren Idee ins Leben gerufen: zu schaffen, ohne zu zerst\u00f6ren.<br>Deshalb arbeiten wir mit recycelten Materialien, modularen Strukturen und energiesparender Technologie.<br>Jede Installation wird mit Respekt vor der Erde entworfen, indem wir wiederverwenden und umwandeln, was andere wegwerfen.<\/p><p>Unser Fu\u00dfabdruck ist nicht physisch, sondern emotional.<\/p>\t\t\t\t\t\t\t\t<\/div>\n\t\t\t\t<div class=\"elementor-element elementor-element-d7c87e2 elementor-widget elementor-widget-text-editor\" data-id=\"d7c87e2\" data-element_type=\"widget\" data-e-type=\"widget\" data-widget_type=\"text-editor.default\">\n\t\t\t\t\t\t\t\t\t<p>Denn Kunst sollte keine Abf\u00e4lle hinterlassen &#8230; nur Erinnerungen.<\/p>\t\t\t\t\t\t\t\t<\/div>\n\t\t\t\t<\/div>\n\t\t<div class=\"elementor-element elementor-element-fd1ac93 e-con-full e-flex e-con e-child\" data-id=\"fd1ac93\" data-element_type=\"container\" data-e-type=\"container\">\n\t\t\t\t<div class=\"elementor-element elementor-element-323357d elementor-widget elementor-widget-image\" data-id=\"323357d\" data-element_type=\"widget\" data-e-type=\"widget\" data-widget_type=\"image.default\">\n\t\t\t\t\t\t\t\t\t\t\t\t\t\t\t<img fetchpriority=\"high\" decoding=\"async\" width=\"768\" height=\"1024\" src=\"https:\/\/www.infinitystudios.art\/wp-content\/uploads\/2025\/12\/1_sm25_sm50-768x1024.jpg\" class=\"attachment-large size-large wp-image-793\" alt=\"\" srcset=\"https:\/\/www.infinitystudios.art\/wp-content\/uploads\/2025\/12\/1_sm25_sm50-768x1024.jpg 768w, https:\/\/www.infinitystudios.art\/wp-content\/uploads\/2025\/12\/1_sm25_sm50-225x300.jpg 225w, https:\/\/www.infinitystudios.art\/wp-content\/uploads\/2025\/12\/1_sm25_sm50-56x75.jpg 56w, https:\/\/www.infinitystudios.art\/wp-content\/uploads\/2025\/12\/1_sm25_sm50-480x640.jpg 480w, https:\/\/www.infinitystudios.art\/wp-content\/uploads\/2025\/12\/1_sm25_sm50.jpg 899w\" sizes=\"(max-width:767px) 480px, (max-width:768px) 100vw, 768px\" \/>\t\t\t\t\t\t\t\t\t\t\t\t\t\t\t<\/div>\n\t\t\t\t<\/div>\n\t\t\t\t\t<\/div>\n\t\t\t\t<\/div>\n\t\t\t\t<\/div>\n\t\t","protected":false},"excerpt":{"rendered":"<p>Unsere Werte Engagement f\u00fcr die Kultur Wir von Infinity Studios verstehen Kultur als ein grundlegendes Gut, als eine gemeinsame Sprache, die uns Menschen \u00fcber Grenzen hinweg<span class=\"excerpt-hellip\"> [\u2026]<\/span><\/p>\n","protected":false},"author":1,"featured_media":0,"parent":0,"menu_order":0,"comment_status":"closed","ping_status":"closed","template":"elementor_header_footer","meta":{"footnotes":""},"class_list":["post-675","page","type-page","status-publish","hentry"],"_links":{"self":[{"href":"https:\/\/www.infinitystudios.art\/de\/wp-json\/wp\/v2\/pages\/675","targetHints":{"allow":["GET"]}}],"collection":[{"href":"https:\/\/www.infinitystudios.art\/de\/wp-json\/wp\/v2\/pages"}],"about":[{"href":"https:\/\/www.infinitystudios.art\/de\/wp-json\/wp\/v2\/types\/page"}],"author":[{"embeddable":true,"href":"https:\/\/www.infinitystudios.art\/de\/wp-json\/wp\/v2\/users\/1"}],"replies":[{"embeddable":true,"href":"https:\/\/www.infinitystudios.art\/de\/wp-json\/wp\/v2\/comments?post=675"}],"version-history":[{"count":4,"href":"https:\/\/www.infinitystudios.art\/de\/wp-json\/wp\/v2\/pages\/675\/revisions"}],"predecessor-version":[{"id":905,"href":"https:\/\/www.infinitystudios.art\/de\/wp-json\/wp\/v2\/pages\/675\/revisions\/905"}],"wp:attachment":[{"href":"https:\/\/www.infinitystudios.art\/de\/wp-json\/wp\/v2\/media?parent=675"}],"curies":[{"name":"wp","href":"https:\/\/api.w.org\/{rel}","templated":true}]}}