{"id":655,"date":"2025-11-17T20:59:47","date_gmt":"2025-11-17T20:59:47","guid":{"rendered":"https:\/\/www.infinitystudios.art\/kundenfeedback\/"},"modified":"2025-12-18T00:07:20","modified_gmt":"2025-12-18T00:07:20","slug":"kundenfeedback","status":"publish","type":"page","link":"https:\/\/www.infinitystudios.art\/de\/kundenfeedback\/","title":{"rendered":"Feedback"},"content":{"rendered":"\t\t<div data-elementor-type=\"wp-page\" data-elementor-id=\"655\" class=\"elementor elementor-655 elementor-129\">\n\t\t\t\t<div class=\"elementor-element elementor-element-be9ec3b e-flex e-con-boxed e-con e-parent\" data-id=\"be9ec3b\" data-element_type=\"container\" data-e-type=\"container\">\n\t\t\t\t\t<div class=\"e-con-inner\">\n\t\t\t\t<div class=\"elementor-element elementor-element-f5b5277 elementor-widget elementor-widget-heading\" data-id=\"f5b5277\" data-element_type=\"widget\" data-e-type=\"widget\" data-widget_type=\"heading.default\">\n\t\t\t\t\t<h2 class=\"elementor-heading-title elementor-size-default\">Besucherfeedback<\/h2>\t\t\t\t<\/div>\n\t\t\t\t\t<\/div>\n\t\t\t\t<\/div>\n\t\t<div class=\"elementor-element elementor-element-fd1d0be e-flex e-con-boxed e-con e-parent\" data-id=\"fd1d0be\" data-element_type=\"container\" data-e-type=\"container\">\n\t\t\t\t\t<div class=\"e-con-inner\">\n\t\t\t\t<div class=\"elementor-element elementor-element-8ede4ff elementor-widget elementor-widget-ucaddon_responsive_testemonial_carousel\" data-id=\"8ede4ff\" data-element_type=\"widget\" data-e-type=\"widget\" data-widget_type=\"ucaddon_responsive_testemonial_carousel.default\">\n\t\t\t\t<div class=\"elementor-widget-container\">\n\t\t\t\t\t\n<!-- start Testimonial Carousel -->\n\t\t<link id='font-awesome-css' href='https:\/\/www.infinitystudios.art\/wp-content\/plugins\/unlimited-elements-for-elementor\/assets_libraries\/font-awesome6\/fontawesome-all.min.css' type='text\/css' rel='stylesheet' >\n\t\t<link id='font-awesome-4-shim-css' href='https:\/\/www.infinitystudios.art\/wp-content\/plugins\/unlimited-elements-for-elementor\/assets_libraries\/font-awesome6\/fontawesome-v4-shims.min.css' type='text\/css' rel='stylesheet' >\n\t\t<link id='owl-carousel-css' href='https:\/\/www.infinitystudios.art\/wp-content\/plugins\/unlimited-elements-for-elementor\/assets_libraries\/owl-carousel-new\/assets\/owl.carousel.css' type='text\/css' rel='stylesheet' >\n\n<style>\/* widget: Testimonial Carousel *\/\n\n\/* general styles *\/\n.uc_quote_slider{\n  min-height:1px;\n}\n\n#uc_responsive_testemonial_carousel_elementor_8ede4ff *{\n  box-sizing:border-box;\n}\n\n#uc_responsive_testemonial_carousel_elementor_8ede4ff .uc_quote_info .uc_author_avatar {\n  width: 100%;\n}\n\n#uc_responsive_testemonial_carousel_elementor_8ede4ff .uc_quote_info .uc_author {\n  display: inline-flex;\n  align-items: center; \n    text-align:center;\n  }\n\n#uc_responsive_testemonial_carousel_elementor_8ede4ff .uc_stars{\n  display:flex;\n}\n\n#uc_responsive_testemonial_carousel_elementor_8ede4ff .uc_quote_info{\n  display:flex;\n}\n\n#uc_responsive_testemonial_carousel_elementor_8ede4ff *{\n  outline:none;\n}\n\n#uc_responsive_testemonial_carousel_elementor_8ede4ff .ue-image{\n  flex-grow:0;\n  flex-shrink:0;\n}\n\n#uc_responsive_testemonial_carousel_elementor_8ede4ff .uc_quote_info .uc_author_info .uc_company {\n    color: ;\n}\n\n#uc_responsive_testemonial_carousel_elementor_8ede4ff .ue-image-spacing{\n  flex-grow:0;\n  flex-shrink:0;\n}\n\n#uc_responsive_testemonial_carousel_elementor_8ede4ff .ue-icon{\n  display:inline-flex;\n  justify-content:center;\n  align-items:center;\n}\n\n#uc_responsive_testemonial_carousel_elementor_8ede4ff .ue-icon svg{\n  width:1em;\n  height:1em;\n}\n\n\n#uc_responsive_testemonial_carousel_elementor_8ede4ff .uc_quote_item,\n#uc_responsive_testemonial_carousel_elementor_8ede4ff .ue-flip-item-content{\n  transition: all .3s;\n}\n\n\/* end general styles *\/\n\n\/* carousel type owl *\/\n  #uc_responsive_testemonial_carousel_elementor_8ede4ff .owl-dots {\n    overflow:hidden;\n  }\n\n  #uc_responsive_testemonial_carousel_elementor_8ede4ff .owl-dot {\n    display:inline-block;\n  }\n\n  #uc_responsive_testemonial_carousel_elementor_8ede4ff .owl-nav .owl-prev,\n  #uc_responsive_testemonial_carousel_elementor_8ede4ff .owl-nav .owl-next{\n      position:absolute;\n      display:inline-block;\n      text-align:center;\n  }\n\n  \n  \n\n\/* end carousel type owl *\/\n\n\n\n<\/style>\n\n<div class=\"uc_quote_slider\" style=\"direction:ltr\" >  \n  <!-- carousel type owl -->\n  \t<div class=\"uc_carousel owl-carousel owl-theme uc-items-wrapper  \" id=\"uc_responsive_testemonial_carousel_elementor_8ede4ff\"  >\n      \n\t<div class=\"uc_quote_item ue-item     elementor-repeater-item-43a982e\">\n    <div class=\"uc_quote_info \">\n                \n\t  <div class=\"uc_author\">\n                  <div class=\"ue-image\">\n\t        <img decoding=\"async\" class=\"uc_author_avatar\" src=\"https:\/\/www.infinitystudios.art\/wp-content\/uploads\/2025\/11\/LOGO_JHK-T-SHIRT.jpg\" height=\"48\" width=\"48\" alt=\"\" \/>\n          <\/div>\n          <div class=\"ue-image-spacing\"><\/div>\n                          \n\n        \n\t  <\/div>      <!-- end of credentials -->\n              \n              <div class=\"ue-text\">\n          <p>\u201eWir sind sehr zufrieden mit dem Service und der pers\u00f6nlichen Betreuung, die man uns<br>bietet. Ihre Anpassungsf\u00e4higkeit ist beeindruckend.\u201c<\/p>      \t  \n        <\/div>\n                    \n      <div class=\"uc_author_info\">\n\t\t  <div class=\"ue_title\">Alicia Pando - JHK<\/div>\t\t  \t<\/div>\n              \n      \t        \n                    \n\t<\/div>   <\/div>\n<!-- end of block item -->\n\n\t<div class=\"uc_quote_item ue-item     elementor-repeater-item-57862eb\">\n    <div class=\"uc_quote_info \">\n                \n\t  <div class=\"uc_author\">\n                  <div class=\"ue-image\">\n\t        <img decoding=\"async\" class=\"uc_author_avatar\" src=\"https:\/\/www.infinitystudios.art\/wp-content\/uploads\/2025\/11\/LOGO_ROLY.jpg\" height=\"48\" width=\"48\" alt=\"\" \/>\n          <\/div>\n          <div class=\"ue-image-spacing\"><\/div>\n                          \n\n        \n\t  <\/div>      <!-- end of credentials -->\n              \n              <div class=\"ue-text\">\n          <p>\u201eDas Team unterst\u00fctzt uns beim gesamten Prozess und ist wie ein Teil unseres Unternehmens. Angesichts seiner guten Arbeit genie\u00dft es unser volles Vertrauen.\u201c<\/p>      \t  \n        <\/div>\n                    \n      <div class=\"uc_author_info\">\n\t\t  <div class=\"ue_title\">Raquel Rubio - Roly<\/div>\t\t  \t<\/div>\n              \n      \t        \n                    \n\t<\/div>   <\/div>\n<!-- end of block item -->\n\n\t<div class=\"uc_quote_item ue-item     elementor-repeater-item-c430de8\">\n    <div class=\"uc_quote_info \">\n                \n\t  <div class=\"uc_author\">\n                  <div class=\"ue-image\">\n\t        <img decoding=\"async\" class=\"uc_author_avatar\" src=\"https:\/\/www.infinitystudios.art\/wp-content\/uploads\/2025\/11\/LOGO_GORTACTORY.jpg\" height=\"48\" width=\"48\" alt=\"\" \/>\n          <\/div>\n          <div class=\"ue-image-spacing\"><\/div>\n                          \n\n        \n\t  <\/div>      <!-- end of credentials -->\n              \n              <div class=\"ue-text\">\n          <p>\u201eSeit mehr als 20 Jahren sind wir mit unseren Marken in zahlreichen europ\u00e4ischen L\u00e4ndern vertreten, und dieses Team hat uns auf dem Weg begleitet. Sein Image, sein Design, seine Qualit\u00e4t, seine Zuverl\u00e4ssigkeit und sein Vertrauen sind Werte, die es auszeichnen und die wir voll und ganz teilen.\u201c<\/p>      \t  \n        <\/div>\n                    \n      <div class=\"uc_author_info\">\n\t\t  <div class=\"ue_title\">Sergio Izquierdo - GORFACTORY <\/div>\t\t  \t<\/div>\n              \n      \t        \n                    \n\t<\/div>   <\/div>\n<!-- end of block item -->\n\n\t<div class=\"uc_quote_item ue-item     elementor-repeater-item-046ce96\">\n    <div class=\"uc_quote_info \">\n                \n\t  <div class=\"uc_author\">\n                  <div class=\"ue-image\">\n\t        <img loading=\"lazy\" decoding=\"async\" class=\"uc_author_avatar\" src=\"https:\/\/www.infinitystudios.art\/wp-content\/uploads\/2025\/11\/LOGO_IDGAMAX.jpg\" height=\"48\" width=\"48\" alt=\"\" \/>\n          <\/div>\n          <div class=\"ue-image-spacing\"><\/div>\n                          \n\n        \n\t  <\/div>      <!-- end of credentials -->\n              \n              <div class=\"ue-text\">\n          <p>\u201eDas Team begleitet uns w\u00e4hrend des gesamten Projekts mit seiner Anpassungsf\u00e4higkeit<br>und konzentriert sich immer auf die L\u00f6sung von Problemen.\u201c<\/p>      \t  \n        <\/div>\n                    \n      <div class=\"uc_author_info\">\n\t\t  <div class=\"ue_title\">Xavier Mar\u00edn - IDGAMAX <\/div>\t\t  \t<\/div>\n              \n      \t        \n                    \n\t<\/div>   <\/div>\n<!-- end of block item -->\n\n\t<div class=\"uc_quote_item ue-item     elementor-repeater-item-97db707\">\n    <div class=\"uc_quote_info \">\n                \n\t  <div class=\"uc_author\">\n                  <div class=\"ue-image\">\n\t        <img loading=\"lazy\" decoding=\"async\" class=\"uc_author_avatar\" src=\"https:\/\/www.infinitystudios.art\/wp-content\/uploads\/2025\/11\/LOGO_CPRINT.jpg\" height=\"48\" width=\"48\" alt=\"\" \/>\n          <\/div>\n          <div class=\"ue-image-spacing\"><\/div>\n                          \n\n        \n\t  <\/div>      <!-- end of credentials -->\n              \n              <div class=\"ue-text\">\n          <p>\u201eEs sind effiziente Fachleute, die schnell arbeiten und eine perfekte Endqualit\u00e4t liefern. Damit stehen sie uns bei der Montage unserer Werke mit Rat und Tat zur Seite.\u201c<\/p>      \t  \n        <\/div>\n                    \n      <div class=\"uc_author_info\">\n\t\t  <div class=\"ue_title\">Marie Clairbois - C!Print<\/div>\t\t  \t<\/div>\n              \n      \t        \n                    \n\t<\/div>   <\/div>\n<!-- end of block item -->\n\n\t<div class=\"uc_quote_item ue-item     elementor-repeater-item-928d27c\">\n    <div class=\"uc_quote_info \">\n                \n\t  <div class=\"uc_author\">\n                  <div class=\"ue-image\">\n\t        <img loading=\"lazy\" decoding=\"async\" class=\"uc_author_avatar\" src=\"https:\/\/www.infinitystudios.art\/wp-content\/uploads\/2025\/11\/LOGO_ZIMVIE.jpg\" height=\"48\" width=\"48\" alt=\"\" \/>\n          <\/div>\n          <div class=\"ue-image-spacing\"><\/div>\n                          \n\n        \n\t  <\/div>      <!-- end of credentials -->\n              \n              <div class=\"ue-text\">\n          <p>\u201eDie Professionalit\u00e4t, Begeisterung, Kreativit\u00e4t und Leidenschaft, die das Team bei jedem unserer Projekte an den Tag legt, ist von der ersten Minute an eine Erfolgsgarantie.\u201c<\/p>      \t  \n        <\/div>\n                    \n      <div class=\"uc_author_info\">\n\t\t  <div class=\"ue_title\">Rosa Pujolas - ZimVie<\/div>\t\t  \t<\/div>\n              \n      \t        \n                    \n\t<\/div>   <\/div>\n<!-- end of block item -->\n\n\t<div class=\"uc_quote_item ue-item     elementor-repeater-item-767de1b\">\n    <div class=\"uc_quote_info \">\n                \n\t  <div class=\"uc_author\">\n                  <div class=\"ue-image\">\n\t        <img loading=\"lazy\" decoding=\"async\" class=\"uc_author_avatar\" src=\"https:\/\/www.infinitystudios.art\/wp-content\/uploads\/2025\/11\/LOGO_ROLAND.jpg\" height=\"48\" width=\"48\" alt=\"\" \/>\n          <\/div>\n          <div class=\"ue-image-spacing\"><\/div>\n                          \n\n        \n\t  <\/div>      <!-- end of credentials -->\n              \n              <div class=\"ue-text\">\n          <p>\u201eWir vertrauen voll und ganz auf diesen Dienstleister, der einen erstklassigen Rundum- Service bietet und Kunden von Anfang bis zum Ende des Projekts betreut und begleitet.\u201c<\/p>      \t  \n        <\/div>\n                    \n      <div class=\"uc_author_info\">\n\t\t  <div class=\"ue_title\">Marta Fraile - Roland DG Iberia<\/div>\t\t  \t<\/div>\n              \n      \t        \n                    \n\t<\/div>   <\/div>\n<!-- end of block item -->\n\n\t<div class=\"uc_quote_item ue-item     elementor-repeater-item-98c1166\">\n    <div class=\"uc_quote_info \">\n                \n\t  <div class=\"uc_author\">\n                  <div class=\"ue-image\">\n\t        <img loading=\"lazy\" decoding=\"async\" class=\"uc_author_avatar\" src=\"https:\/\/www.infinitystudios.art\/wp-content\/uploads\/2025\/11\/LOGO_SOLO-MIDOCEAN.jpg\" height=\"48\" width=\"48\" alt=\"\" \/>\n          <\/div>\n          <div class=\"ue-image-spacing\"><\/div>\n                          \n\n        \n\t  <\/div>      <!-- end of credentials -->\n              \n              <div class=\"ue-text\">\n          <p>\u201eEs ist das Team unseres Vertrauens in Europa und eine Garantie f\u00fcr Qualit\u00e4t, Originalit\u00e4t und P\u00fcnktlichkeit.\u201c<\/p>      \t  \n        <\/div>\n                    \n      <div class=\"uc_author_info\">\n\t\t  <div class=\"ue_title\">Jaume Carreras - Solo Mid Ocean<\/div>\t\t  \t<\/div>\n              \n      \t        \n                    \n\t<\/div>   <\/div>\n<!-- end of block item -->\n\n    <\/div>\t\t\n    <!-- end carousel type owl -->\n\n  <!-- carousel type marquee -->\n    <!-- end carousel type marquee -->\n\n  <!-- carousel type coverflow -->\n    <!-- end carousel type coverflow -->\n\n  <!-- carousel type swipe -->\n    <!-- end carousel type swipe -->\n\n  <!-- carousel type grid -->\n    <!-- end carousel type grid -->\n\n<\/div>\n<!-- end Testimonial Carousel -->\t\t\t\t<\/div>\n\t\t\t\t<\/div>\n\t\t\t\t\t<\/div>\n\t\t\t\t<\/div>\n\t\t\t\t<\/div>\n\t\t","protected":false},"excerpt":{"rendered":"<p>Besucherfeedback \u201eWir sind sehr zufrieden mit dem Service und der pers\u00f6nlichen Betreuung, die man unsbietet. Ihre Anpassungsf\u00e4higkeit ist beeindruckend.\u201c Alicia Pando &#8211; JHK \u201eDas Team unterst\u00fctzt<span class=\"excerpt-hellip\"> [\u2026]<\/span><\/p>\n","protected":false},"author":1,"featured_media":0,"parent":0,"menu_order":0,"comment_status":"closed","ping_status":"closed","template":"elementor_header_footer","meta":{"footnotes":""},"class_list":["post-655","page","type-page","status-publish","hentry"],"_links":{"self":[{"href":"https:\/\/www.infinitystudios.art\/de\/wp-json\/wp\/v2\/pages\/655","targetHints":{"allow":["GET"]}}],"collection":[{"href":"https:\/\/www.infinitystudios.art\/de\/wp-json\/wp\/v2\/pages"}],"about":[{"href":"https:\/\/www.infinitystudios.art\/de\/wp-json\/wp\/v2\/types\/page"}],"author":[{"embeddable":true,"href":"https:\/\/www.infinitystudios.art\/de\/wp-json\/wp\/v2\/users\/1"}],"replies":[{"embeddable":true,"href":"https:\/\/www.infinitystudios.art\/de\/wp-json\/wp\/v2\/comments?post=655"}],"version-history":[{"count":5,"href":"https:\/\/www.infinitystudios.art\/de\/wp-json\/wp\/v2\/pages\/655\/revisions"}],"predecessor-version":[{"id":902,"href":"https:\/\/www.infinitystudios.art\/de\/wp-json\/wp\/v2\/pages\/655\/revisions\/902"}],"wp:attachment":[{"href":"https:\/\/www.infinitystudios.art\/de\/wp-json\/wp\/v2\/media?parent=655"}],"curies":[{"name":"wp","href":"https:\/\/api.w.org\/{rel}","templated":true}]}}